{"id":127,"date":"2023-07-18T11:03:24","date_gmt":"2023-07-18T11:03:24","guid":{"rendered":"https:\/\/hunt.foxinaboxfirenze.com\/?post_type=product&#038;p=127"},"modified":"2024-08-22T14:03:59","modified_gmt":"2024-08-22T14:03:59","slug":"alla-scoperta-delle-maggie-di-firenze","status":"publish","type":"product","link":"https:\/\/hunt.foxinaboxfirenze.com\/it\/prodotto\/alla-scoperta-delle-maggie-di-firenze\/","title":{"rendered":"Alla Scoperta delle Magie di Firenze"},"content":{"rendered":"<div class=\"wp-block-columns is-layout-flex wp-container-core-columns-is-layout-a4fe827e wp-block-columns-is-layout-flex\" style=\"padding-bottom:var(--wp--preset--spacing--70)\">\n<div class=\"wp-block-column is-layout-flow wp-block-column-is-layout-flow\" style=\"flex-basis:100%\">\n<div class=\"wp-block-columns is-layout-flex wp-container-core-columns-is-layout-28f84493 wp-block-columns-is-layout-flex\">\n<div class=\"wp-block-column is-layout-flow wp-block-column-is-layout-flow\" style=\"flex-basis:70%\">\n<h4 class=\"wp-block-heading has-regular-font-size\" style=\"padding-bottom:var(--wp--preset--spacing--40);text-transform:uppercase\">Il gioco City Hunt attraverso Firenze con il tema dell'intelligenza artificiale offre un'esperienza innovativa di esplorazione della citt\u00e0 che unisce tecnologia e intrattenimento.<\/h4>\n<\/div>\n<\/div>\n\n\n\n<div class=\"wp-block-columns stack-on-tablet--portrait is-layout-flex wp-container-core-columns-is-layout-f5a44f5b wp-block-columns-is-layout-flex\">\n<div class=\"wp-block-column is-layout-flow wp-block-column-is-layout-flow\" style=\"flex-basis:50%\">\n<p>Questa avventura trasforma le strade di Firenze in un'epica esperienza all'aria aperta. Immagina una stanza di fuga senza porte, una caccia al tesoro con pi\u00f9 sfide e una citt\u00e0 come non l'hai mai vista prima.<\/p>\n\n\n\n<p class=\"has-x-small-font-size\">Attraverso sfide interattive, i giocatori scoprono fatti affascinanti sulla storia, la cultura e le attrazioni di Firenze e allo stesso tempo sviluppano le loro capacit\u00e0 di risoluzione dei problemi e di collaborazione.<\/p>\n<\/div>\n\n\n\n<div class=\"wp-block-column is-layout-flow wp-block-column-is-layout-flow\" style=\"flex-basis:50%\">\n<p>Esplora Firenze con una mappa digitale per decifrare indizi, completare enigmi e risolvere sfide lungo il percorso.<\/p>\n\n\n\n<p>\u00c8 l'esperienza perfetta per chi visita nuove citt\u00e0 e desidera un tour a piedi con qualche effetto speciale o per chi vuole vivere la propria citt\u00e0 come mai prima d'ora!<\/p>\n<\/div>\n<\/div>\n<\/div>\n<\/div>\n\n\n\n<div class=\"wp-block-cover\"><span aria-hidden=\"true\" class=\"wp-block-cover__background has-background-dim-70 has-background-dim\"><\/span><img loading=\"lazy\" decoding=\"async\" width=\"1000\" height=\"664\" class=\"wp-block-cover__image-background wp-image-177\" alt=\"\" src=\"https:\/\/hunt.foxinaboxfirenze.com\/wp-content\/uploads\/2023\/07\/image-233-1.jpg\" data-object-fit=\"cover\" srcset=\"https:\/\/hunt.foxinaboxfirenze.com\/wp-content\/uploads\/2023\/07\/image-233-1.jpg 1000w, https:\/\/hunt.foxinaboxfirenze.com\/wp-content\/uploads\/2023\/07\/image-233-1-300x199.jpg 300w, https:\/\/hunt.foxinaboxfirenze.com\/wp-content\/uploads\/2023\/07\/image-233-1-768x510.jpg 768w, https:\/\/hunt.foxinaboxfirenze.com\/wp-content\/uploads\/2023\/07\/image-233-1-600x398.jpg 600w\" sizes=\"auto, (max-width: 1000px) 100vw, 1000px\" \/><div class=\"wp-block-cover__inner-container is-layout-flow wp-block-cover-is-layout-flow\">\n<div class=\"wp-block-group is-layout-flow wp-block-group-is-layout-flow\" style=\"border-radius:4px;padding-top:var(--wp--preset--spacing--30);padding-right:var(--wp--preset--spacing--20);padding-bottom:var(--wp--preset--spacing--30);padding-left:var(--wp--preset--spacing--20)\">\n<div class=\"wp-block-columns is-layout-flex wp-container-core-columns-is-layout-28f84493 wp-block-columns-is-layout-flex\">\n<div class=\"wp-block-column is-layout-flow wp-block-column-is-layout-flow\" style=\"flex-basis:55%\">\n<h4 class=\"wp-block-heading has-secondary-color has-text-color has-regular-font-size\" style=\"padding-bottom:var(--wp--preset--spacing--50);line-height:1;text-transform:uppercase\">COME FUNZIONA<\/h4>\n\n\n\n<div style=\"height:10px\" aria-hidden=\"true\" class=\"wp-block-spacer\"><\/div>\n<\/div>\n<\/div>\n\n\n\n<div class=\"wp-block-columns is-layout-flex wp-container-core-columns-is-layout-28f84493 wp-block-columns-is-layout-flex\">\n<div class=\"wp-block-column is-layout-flow wp-block-column-is-layout-flow\" style=\"flex-basis:90%\">\n<ul style=\"font-style:normal;font-weight:700;line-height:2;text-transform:uppercase\" class=\"wp-block-list list-style-checkmark has-secondary-color has-text-color has-tiny-font-size\">\n<li>SCEGLI IL TUO GIOCO<\/li>\n\n\n\n<li>ACQUISTA IL GIOCO A CUI VUOI GIOCARE<\/li>\n\n\n\n<li>RICEVERAI UNA MAIL CON LE ISTRUZIONI SPECIFICHE<\/li>\n\n\n\n<li>RADUNA LA TUA SQUADRA<\/li>\n\n\n\n<li>CARICA LE BATTERIE DEL TUO TELEFONO<\/li>\n\n\n\n<li>ASSICURATI DI AVERE INTERNET DATI<\/li>\n\n\n\n<li>VERIFICA LE IMPOSTAZIONI DEL TUO TELEFONO (CONSENTI POPUP E CONDIVISIONE DELLA POSIZIONE)<\/li>\n\n\n\n<li>SE \u00c8 UN GIOCO ALL'APERTO, CONTROLLA LE PREVISIONI METEO<\/li>\n\n\n\n<li>VESTITI COMODAMENTE PER CAMMINARE ED ESPLORARE<\/li>\n\n\n\n<li>RAGGIUNGI IL LUOGO DI INIZIO DELLA CACCIA SCELTA<\/li>\n\n\n\n<li>INIZIA IL GIOCO SEGUENDO LE ISTRUZIONI FORNITE<\/li>\n\n\n\n<li>NON PREOCCUPARTI, SE IL METEO CAMBIA O SE QUALCUNO SI STANCA, PUOI FARE UNA PAUSA O TORNARE UN'ALTRA VOLTA E CONTINUARE<\/li>\n\n\n\n<li>LEGGI LE FAQ PER COMPRENDERE MEGLIO PRIMA DI INIZIARE<\/li>\n\n\n\n<li>MENTRE GIOCHI, PRESTA ATTENZIONE E SII CONSAPEVOLE DI CI\u00d2 CHE TI CIRCONDA. LA VOSTRA SICUREZZA \u00c8 UNA PRIORIT\u00c0, COS\u00cc COME LA SICUREZZA DEGLI ALTRI.<\/li>\n<\/ul>\n\n\n\n<div style=\"height:20px\" aria-hidden=\"true\" class=\"wp-block-spacer\"><\/div>\n<\/div>\n<\/div>\n<\/div>\n<\/div><\/div>","protected":false},"excerpt":{"rendered":"<p>Benvenuti nel gioco City Hunt attraverso Firenze che offre un esperienza straodinaria di esplorazione della citt\u00e0 unendo tecnologia e intrattenimento.Esplora Firenze alla ricerca di indizi, enigmi e sfide da risolvere lungo il percorso.<\/p>","protected":false},"featured_media":603,"template":"","meta":{"_acf_changed":true},"product_cat":[17],"product_tag":[20,19,35,18],"class_list":{"0":"post-127","1":"product","2":"type-product","3":"status-publish","4":"has-post-thumbnail","6":"product_cat-uncategorized","7":"product_tag-best-during-the-day","8":"product_tag-best-for-couples","9":"product_tag-city-tour","10":"product_tag-outdoor","12":"first","13":"instock","14":"virtual","15":"purchasable","16":"product-type-simple"},"acf":[],"_links":{"self":[{"href":"https:\/\/hunt.foxinaboxfirenze.com\/it\/wp-json\/wp\/v2\/product\/127","targetHints":{"allow":["GET"]}}],"collection":[{"href":"https:\/\/hunt.foxinaboxfirenze.com\/it\/wp-json\/wp\/v2\/product"}],"about":[{"href":"https:\/\/hunt.foxinaboxfirenze.com\/it\/wp-json\/wp\/v2\/types\/product"}],"wp:featuredmedia":[{"embeddable":true,"href":"https:\/\/hunt.foxinaboxfirenze.com\/it\/wp-json\/wp\/v2\/media\/603"}],"wp:attachment":[{"href":"https:\/\/hunt.foxinaboxfirenze.com\/it\/wp-json\/wp\/v2\/media?parent=127"}],"wp:term":[{"taxonomy":"product_cat","embeddable":true,"href":"https:\/\/hunt.foxinaboxfirenze.com\/it\/wp-json\/wp\/v2\/product_cat?post=127"},{"taxonomy":"product_tag","embeddable":true,"href":"https:\/\/hunt.foxinaboxfirenze.com\/it\/wp-json\/wp\/v2\/product_tag?post=127"}],"curies":[{"name":"wp","href":"https:\/\/api.w.org\/{rel}","templated":true}]}}